{"id":8525,"date":"2023-12-27T15:27:08","date_gmt":"2023-12-27T15:27:08","guid":{"rendered":"https:\/\/soteradigital.com\/condiciones-de-uso\/"},"modified":"2024-05-13T21:53:29","modified_gmt":"2024-05-13T21:53:29","slug":"condiciones-de-uso","status":"publish","type":"page","link":"https:\/\/soteradigital.com\/es\/condiciones-de-uso\/","title":{"rendered":"Condiciones de uso"},"content":{"rendered":"\t\t<div data-elementor-type=\"wp-page\" data-elementor-id=\"8525\" class=\"elementor elementor-8525 elementor-8151\" data-elementor-post-type=\"page\">\n\t\t\t\t<div class=\"elementor-element elementor-element-44f8e85 e-flex e-con-boxed e-con e-parent\" data-id=\"44f8e85\" data-element_type=\"container\" data-e-type=\"container\">\n\t\t\t\t\t<div class=\"e-con-inner\">\n\t\t\t\t<div class=\"elementor-element elementor-element-e65bffc elementor-widget elementor-widget-text-editor\" data-id=\"e65bffc\" data-element_type=\"widget\" data-e-type=\"widget\" data-widget_type=\"text-editor.default\">\n\t\t\t\t<div class=\"elementor-widget-container\">\n\t\t\t\t\t\t\t\t\t<h1>Condiciones de uso<\/h1>\n<p>El uso de nuestro sitio web www.soteradigital.com (el \u00abSitio\u00bb) est\u00e1 sujeto a los siguientes t\u00e9rminos y condiciones, que pueden ser modificados peri\u00f3dicamente por Sotera Digital Security Corporation (\u00abSotera\u00bb):<\/p>\n<p>1. El Sitio es s\u00f3lo para uso personal y el permiso para utilizarlo es limitado y no exclusivo.<\/p>\n<p>2. No se permite ning\u00fan uso ilegal de este Sitio. Queda prohibida la recopilaci\u00f3n o almacenamiento de informaci\u00f3n de terceros, el spam, el seguimiento o copia de contenidos o informaci\u00f3n o cualquier otro acto de cualquier naturaleza que pueda ser perjudicial para cualquiera de las partes. Tambi\u00e9n est\u00e1 prohibido utilizar este Sitio de cualquier forma no permitida por las presentes condiciones.<\/p>\n<p>3. Este sitio debe ser utilizado por personas mayores de 18 a\u00f1os o bajo la supervisi\u00f3n de un tutor o padre.<\/p>\n<p>3. Para obtener informaci\u00f3n sobre c\u00f3mo recopilamos, utilizamos y compartimos la informaci\u00f3n relacionada con tu uso del Sitio o de nuestros servicios, consulta nuestra Pol\u00edtica de Privacidad.<\/p>\n<p>4. El Sitio y su contenido, software y servicios son propiedad de Sotera y est\u00e1n protegidos por las leyes y reglamentos aplicables.<\/p>\n<p>5. Las marcas comerciales, logotipos, dise\u00f1os, iconos, nombres de productos y servicios y nombres de empresas que aparecen en el Sitio son marcas registradas o no registradas de Sotera, y no pueden ser copiadas, imitadas o utilizadas, total o parcialmente, sin nuestro permiso previo por escrito.<\/p>\n<p>Sotera no garantiza que el contenido del Sitio sea preciso, completo o actual. A pesar de nuestros esfuerzos, los art\u00edculos del Sitio pueden tener precios err\u00f3neos y las descripciones de los productos y servicios pueden ser inexactas. Soterares se reserva el derecho a corregir cualquier inexactitud u omisi\u00f3n en el Sitio, a revocar cualquier oferta, a cancelar tu pedido y a tomar cualquier otra medida que considere razonable o necesaria para rectificar el error, independientemente de si se han aplicado cargos a tu cuenta o tarjeta de cr\u00e9dito.<\/p>\n<p>Aceptas que este documento electr\u00f3nico y cualquier otro acuerdo electr\u00f3nico, notificaci\u00f3n u otra comunicaci\u00f3n que te proporcionemos cumple cualquier requisito legal de que dicha comunicaci\u00f3n sea por escrito.<\/p>\n\t\t\t\t\t\t\t\t<\/div>\n\t\t\t\t<\/div>\n\t\t\t\t\t<\/div>\n\t\t\t\t<\/div>\n\t\t\t\t<\/div>\n\t\t","protected":false},"excerpt":{"rendered":"<p>Condiciones de uso El uso de nuestro sitio web www.soteradigital.com (el \u00abSitio\u00bb) est\u00e1 sujeto a los siguientes t\u00e9rminos y condiciones, que pueden ser modificados peri\u00f3dicamente por Sotera Digital Security Corporation (\u00abSotera\u00bb): 1. El Sitio es s\u00f3lo para uso personal y&#8230;<\/p>\n","protected":false},"author":1,"featured_media":0,"parent":0,"menu_order":0,"comment_status":"closed","ping_status":"closed","template":"","meta":{"content-type":"","footnotes":"","_links_to":"","_links_to_target":""},"class_list":["post-8525","page","type-page","status-publish","hentry"],"yoast_head":"<!-- This site is optimized with the Yoast SEO plugin v27.0 - https:\/\/yoast.com\/product\/yoast-seo-wordpress\/ -->\n<title>Condiciones de uso - Sotera<\/title>\n<meta name=\"robots\" content=\"index, follow, max-snippet:-1, max-image-preview:large, max-video-preview:-1\" \/>\n<link rel=\"canonical\" href=\"https:\/\/soteradigital.com\/es\/condiciones-de-uso\/\" \/>\n<meta property=\"og:locale\" content=\"es_ES\" \/>\n<meta property=\"og:type\" content=\"article\" \/>\n<meta property=\"og:title\" content=\"Condiciones de uso - Sotera\" \/>\n<meta property=\"og:description\" content=\"Condiciones de uso El uso de nuestro sitio web www.soteradigital.com (el \u00abSitio\u00bb) est\u00e1 sujeto a los siguientes t\u00e9rminos y condiciones, que pueden ser modificados peri\u00f3dicamente por Sotera Digital Security Corporation (\u00abSotera\u00bb): 1. El Sitio es s\u00f3lo para uso personal y...\" \/>\n<meta property=\"og:url\" content=\"https:\/\/soteradigital.com\/es\/condiciones-de-uso\/\" \/>\n<meta property=\"og:site_name\" content=\"Sotera\" \/>\n<meta property=\"article:modified_time\" content=\"2024-05-13T21:53:29+00:00\" \/>\n<meta name=\"twitter:card\" content=\"summary_large_image\" \/>\n<meta name=\"twitter:label1\" content=\"Tiempo de lectura\" \/>\n\t<meta name=\"twitter:data1\" content=\"2 minutos\" \/>\n<script type=\"application\/ld+json\" class=\"yoast-schema-graph\">{\"@context\":\"https:\/\/schema.org\",\"@graph\":[{\"@type\":\"WebPage\",\"@id\":\"https:\/\/soteradigital.com\/es\/condiciones-de-uso\/\",\"url\":\"https:\/\/soteradigital.com\/es\/condiciones-de-uso\/\",\"name\":\"Condiciones de uso - Sotera\",\"isPartOf\":{\"@id\":\"https:\/\/soteradigital.com\/es\/#website\"},\"datePublished\":\"2023-12-27T15:27:08+00:00\",\"dateModified\":\"2024-05-13T21:53:29+00:00\",\"breadcrumb\":{\"@id\":\"https:\/\/soteradigital.com\/es\/condiciones-de-uso\/#breadcrumb\"},\"inLanguage\":\"es\",\"potentialAction\":[{\"@type\":\"ReadAction\",\"target\":[\"https:\/\/soteradigital.com\/es\/condiciones-de-uso\/\"]}]},{\"@type\":\"BreadcrumbList\",\"@id\":\"https:\/\/soteradigital.com\/es\/condiciones-de-uso\/#breadcrumb\",\"itemListElement\":[{\"@type\":\"ListItem\",\"position\":1,\"name\":\"Home\",\"item\":\"https:\/\/www.soteradigital.com\/es\/\"},{\"@type\":\"ListItem\",\"position\":2,\"name\":\"Condiciones de uso\"}]},{\"@type\":\"WebSite\",\"@id\":\"https:\/\/soteradigital.com\/es\/#website\",\"url\":\"https:\/\/soteradigital.com\/es\/\",\"name\":\"Sotera Digital Security\",\"description\":\"Absolute security | Zero Vulnerabilities\",\"publisher\":{\"@id\":\"https:\/\/soteradigital.com\/es\/#organization\"},\"potentialAction\":[{\"@type\":\"SearchAction\",\"target\":{\"@type\":\"EntryPoint\",\"urlTemplate\":\"https:\/\/soteradigital.com\/es\/?s={search_term_string}\"},\"query-input\":{\"@type\":\"PropertyValueSpecification\",\"valueRequired\":true,\"valueName\":\"search_term_string\"}}],\"inLanguage\":\"es\"},{\"@type\":\"Organization\",\"@id\":\"https:\/\/soteradigital.com\/es\/#organization\",\"name\":\"Sotera Digital Security\",\"url\":\"https:\/\/soteradigital.com\/es\/\",\"logo\":{\"@type\":\"ImageObject\",\"inLanguage\":\"es\",\"@id\":\"https:\/\/soteradigital.com\/es\/#\/schema\/logo\/image\/\",\"url\":\"\/wp-content\/uploads\/2023\/09\/sotera-logo-300px.png\",\"contentUrl\":\"\/wp-content\/uploads\/2023\/09\/sotera-logo-300px.png\",\"width\":300,\"height\":61,\"caption\":\"Sotera Digital Security\"},\"image\":{\"@id\":\"https:\/\/soteradigital.com\/es\/#\/schema\/logo\/image\/\"}}]}<\/script>\n<!-- \/ Yoast SEO plugin. -->","yoast_head_json":{"title":"Condiciones de uso - Sotera","robots":{"index":"index","follow":"follow","max-snippet":"max-snippet:-1","max-image-preview":"max-image-preview:large","max-video-preview":"max-video-preview:-1"},"canonical":"https:\/\/soteradigital.com\/es\/condiciones-de-uso\/","og_locale":"es_ES","og_type":"article","og_title":"Condiciones de uso - Sotera","og_description":"Condiciones de uso El uso de nuestro sitio web www.soteradigital.com (el \u00abSitio\u00bb) est\u00e1 sujeto a los siguientes t\u00e9rminos y condiciones, que pueden ser modificados peri\u00f3dicamente por Sotera Digital Security Corporation (\u00abSotera\u00bb): 1. El Sitio es s\u00f3lo para uso personal y...","og_url":"https:\/\/soteradigital.com\/es\/condiciones-de-uso\/","og_site_name":"Sotera","article_modified_time":"2024-05-13T21:53:29+00:00","twitter_card":"summary_large_image","twitter_misc":{"Tiempo de lectura":"2 minutos"},"schema":{"@context":"https:\/\/schema.org","@graph":[{"@type":"WebPage","@id":"https:\/\/soteradigital.com\/es\/condiciones-de-uso\/","url":"https:\/\/soteradigital.com\/es\/condiciones-de-uso\/","name":"Condiciones de uso - Sotera","isPartOf":{"@id":"https:\/\/soteradigital.com\/es\/#website"},"datePublished":"2023-12-27T15:27:08+00:00","dateModified":"2024-05-13T21:53:29+00:00","breadcrumb":{"@id":"https:\/\/soteradigital.com\/es\/condiciones-de-uso\/#breadcrumb"},"inLanguage":"es","potentialAction":[{"@type":"ReadAction","target":["https:\/\/soteradigital.com\/es\/condiciones-de-uso\/"]}]},{"@type":"BreadcrumbList","@id":"https:\/\/soteradigital.com\/es\/condiciones-de-uso\/#breadcrumb","itemListElement":[{"@type":"ListItem","position":1,"name":"Home","item":"https:\/\/www.soteradigital.com\/es\/"},{"@type":"ListItem","position":2,"name":"Condiciones de uso"}]},{"@type":"WebSite","@id":"https:\/\/soteradigital.com\/es\/#website","url":"https:\/\/soteradigital.com\/es\/","name":"Sotera Digital Security","description":"Absolute security | Zero Vulnerabilities","publisher":{"@id":"https:\/\/soteradigital.com\/es\/#organization"},"potentialAction":[{"@type":"SearchAction","target":{"@type":"EntryPoint","urlTemplate":"https:\/\/soteradigital.com\/es\/?s={search_term_string}"},"query-input":{"@type":"PropertyValueSpecification","valueRequired":true,"valueName":"search_term_string"}}],"inLanguage":"es"},{"@type":"Organization","@id":"https:\/\/soteradigital.com\/es\/#organization","name":"Sotera Digital Security","url":"https:\/\/soteradigital.com\/es\/","logo":{"@type":"ImageObject","inLanguage":"es","@id":"https:\/\/soteradigital.com\/es\/#\/schema\/logo\/image\/","url":"\/wp-content\/uploads\/2023\/09\/sotera-logo-300px.png","contentUrl":"\/wp-content\/uploads\/2023\/09\/sotera-logo-300px.png","width":300,"height":61,"caption":"Sotera Digital Security"},"image":{"@id":"https:\/\/soteradigital.com\/es\/#\/schema\/logo\/image\/"}}]}},"_links":{"self":[{"href":"https:\/\/soteradigital.com\/es\/wp-json\/wp\/v2\/pages\/8525","targetHints":{"allow":["GET"]}}],"collection":[{"href":"https:\/\/soteradigital.com\/es\/wp-json\/wp\/v2\/pages"}],"about":[{"href":"https:\/\/soteradigital.com\/es\/wp-json\/wp\/v2\/types\/page"}],"author":[{"embeddable":true,"href":"https:\/\/soteradigital.com\/es\/wp-json\/wp\/v2\/users\/1"}],"replies":[{"embeddable":true,"href":"https:\/\/soteradigital.com\/es\/wp-json\/wp\/v2\/comments?post=8525"}],"version-history":[{"count":1,"href":"https:\/\/soteradigital.com\/es\/wp-json\/wp\/v2\/pages\/8525\/revisions"}],"predecessor-version":[{"id":8526,"href":"https:\/\/soteradigital.com\/es\/wp-json\/wp\/v2\/pages\/8525\/revisions\/8526"}],"wp:attachment":[{"href":"https:\/\/soteradigital.com\/es\/wp-json\/wp\/v2\/media?parent=8525"}],"curies":[{"name":"wp","href":"https:\/\/api.w.org\/{rel}","templated":true}]}}