{"id":8515,"date":"2023-09-19T20:53:16","date_gmt":"2023-09-19T20:53:16","guid":{"rendered":"https:\/\/soteradigital.com\/politica-de-privacidad\/"},"modified":"2024-06-05T13:18:05","modified_gmt":"2024-06-05T13:18:05","slug":"politica-de-privacidad","status":"publish","type":"page","link":"https:\/\/soteradigital.com\/es\/politica-de-privacidad\/","title":{"rendered":"Pol\u00edtica de privacidad"},"content":{"rendered":"\t\t<div data-elementor-type=\"wp-page\" data-elementor-id=\"8515\" class=\"elementor elementor-8515 elementor-3\" data-elementor-post-type=\"page\">\n\t\t\t\t<div class=\"elementor-element elementor-element-69a2c56a e-flex e-con-boxed e-con e-parent\" data-id=\"69a2c56a\" data-element_type=\"container\" data-e-type=\"container\">\n\t\t\t\t\t<div class=\"e-con-inner\">\n\t\t\t\t<div class=\"elementor-element elementor-element-26c59a82 elementor-widget elementor-widget-text-editor\" data-id=\"26c59a82\" data-element_type=\"widget\" data-e-type=\"widget\" data-widget_type=\"text-editor.default\">\n\t\t\t\t<div class=\"elementor-widget-container\">\n\t\t\t\t\t\t\t\t\t<p>Esta Pol\u00edtica de Privacidad (la \u00abPol\u00edtica de Privacidad\u00bb) describe nuestro enfoque de la recopilaci\u00f3n de datos, uso, y&nbsp;<span style=\"color: inherit; font-family: var( --e-global-typography-text-font-family ), Sans-serif; font-weight: var( --e-global-typography-text-font-weight ); text-align: var(--text-align); font-size: 1rem; letter-spacing: 0em;\">protecci\u00f3n cuando utilizas nuestros servicios. Al comprar o utilizar nuestro dispositivo, redes, servicios o&nbsp;<\/span><span style=\"color: inherit; font-family: var( --e-global-typography-text-font-family ), Sans-serif; font-weight: var( --e-global-typography-text-font-weight ); text-align: var(--text-align); font-size: 1rem; letter-spacing: 0em;\">(denominados colectivamente los \u00abServicios\u00bb), aceptas los t\u00e9rminos de esta Pol\u00edtica de Privacidad.<\/span><\/p>\n<ol>\n<li><b>  Informaci\u00f3n que recogemos y c\u00f3mo la utilizamos  <\/b><\/li>\n<\/ol>\n<p><img decoding=\"async\" draggable=\"false\" role=\"img\" class=\"emoji\" alt=\"\u25aa\" src=\"https:\/\/s.w.org\/images\/core\/emoji\/14.0.0\/svg\/25aa.svg\"> <b>Informaci\u00f3n de la cuenta<\/b>: para utilizar nuestros Servicios, debes registrarte y crear una cuenta con nosotros&nbsp;<span style=\"color: inherit; font-family: var( --e-global-typography-text-font-family ), Sans-serif; font-weight: var( --e-global-typography-text-font-weight ); text-align: var(--text-align); font-size: 1rem; letter-spacing: 0em;\">, para lo cual deber\u00e1s proporcionar cierta informaci\u00f3n personal, crediticia y de otro tipo.<\/span><\/p>\n<p><img decoding=\"async\" draggable=\"false\" role=\"img\" class=\"emoji\" alt=\"\u25aa\" src=\"https:\/\/s.w.org\/images\/core\/emoji\/14.0.0\/svg\/25aa.svg\"> <b>Mensajes y llamadas<\/b>: Nuestros servicios proporcionan encriptaci\u00f3n de extremo a extremo, garantizando que ni nosotros&nbsp;<span style=\"color: inherit; font-family: var( --e-global-typography-text-font-family ), Sans-serif; font-weight: var( --e-global-typography-text-font-weight ); text-align: var(--text-align); font-size: 1rem; letter-spacing: 0em;\">ni ning\u00fan tercero tiene acceso al contenido de tus mensajes o llamadas. Tus comunicaciones&nbsp;<\/span><span style=\"color: inherit; font-family: var( --e-global-typography-text-font-family ), Sans-serif; font-weight: var( --e-global-typography-text-font-weight ); text-align: var(--text-align); font-size: 1rem; letter-spacing: 0em;\">son privadas y seguras y est\u00e1n protegidas de intrusiones e interceptaciones de cualquier tercero.<\/span><\/p>\n<p><img decoding=\"async\" draggable=\"false\" role=\"img\" class=\"emoji\" alt=\"\u25aa\" src=\"https:\/\/s.w.org\/images\/core\/emoji\/14.0.0\/svg\/25aa.svg\"> <b>Otros<\/b> Servicios: mientras utilizas otros Servicios, como interactuar con nosotros a trav\u00e9s de nuestro sitio web&nbsp;<span style=\"color: inherit; font-family: var( --e-global-typography-text-font-family ), Sans-serif; font-weight: var( --e-global-typography-text-font-weight ); text-align: var(--text-align); font-size: 1rem; letter-spacing: 0em;\">u otros canales, podemos llegar a recopilar los datos personales que compartes con nosotros. Limitamos&nbsp;<\/span><span style=\"color: inherit; font-family: var( --e-global-typography-text-font-family ), Sans-serif; font-weight: var( --e-global-typography-text-font-weight ); text-align: var(--text-align); font-size: 1rem; letter-spacing: 0em;\">dicha recopilaci\u00f3n al m\u00ednimo necesario para investigar y abordar&nbsp; t<\/span><span style=\"color: inherit; font-family: var( --e-global-typography-text-font-family ), Sans-serif; font-weight: var( --e-global-typography-text-font-weight ); text-align: var(--text-align); font-size: 1rem; letter-spacing: 0em;\">u caso y de proporcionar la respuesta o asistencia requeridas.<\/span><\/p>\n<ol start=\"2\">\n<li>  Datos <b> de<\/b> localizaci\u00f3n: Datos de localizaci\u00f3n: No generamos datos de localizaci\u00f3n en el uso de nuestros Servicios. Sin embargo, podemos generar datos de localizaci\u00f3n cuando navegas por nuestros sitios web con fines anal\u00edticos.<\/li><\/ol>\n<ol start=\"3\">\n<li> <b> Informaci\u00f3n t\u00e9cnica<\/b>: No podemos descifrar ni acceder de ning\u00fan otro modo al contenido de tus mensajes o llamadas. Sotera pone en cola mensajes cifrados de extremo a extremo en sus servidores para entregarlos a dispositivos que est\u00e9n temporalmente desconectados (por ejemplo, un tel\u00e9fono sin bater\u00eda). Tu historial de mensajes se almacena en tus propios dispositivos. En nuestros servidores se almacena informaci\u00f3n t\u00e9cnica adicional, incluidas claves p\u00fablicas y otro material necesario para establecer llamadas y transmitir mensajes. Limitamos esta informaci\u00f3n t\u00e9cnica adicional al m\u00ednimo necesario para el funcionamiento de los Servicios.<\/li><\/ol>\n<ol start=\"4\">\n<li>  Compartir <b> tus<\/b> datos: Podemos compartir tus datos cuando sea necesario para cumplir las leyes, reglamentos, procesos legales o solicitudes gubernamentales aplicables. No vendemos, alquilamos ni monetizamos tus datos personales o contenidos de ninguna manera.<\/li><\/ol>\n<ol start=\"5\">\n<li><b>  General  <\/b><\/li>\n<\/ol>\n<p><img decoding=\"async\" draggable=\"false\" role=\"img\" class=\"emoji\" alt=\"\u25aa\" src=\"https:\/\/s.w.org\/images\/core\/emoji\/14.0.0\/svg\/25aa.svg\"> <b>Actualizaciones de<\/b> la Pol\u00edtica de Privacidad: Podemos actualizar esta Pol\u00edtica de Privacidad e indicaremos la \u00ab\u00daltima&nbsp;<span style=\"color: inherit; font-family: var( --e-global-typography-text-font-family ), Sans-serif; font-weight: var( --e-global-typography-text-font-weight ); text-align: var(--text-align); font-size: 1rem; letter-spacing: 0em;\">Fecha de actualizaci\u00f3n\u00bb para tu referencia. Tu uso continuado de los Servicios confirma la aceptaci\u00f3n&nbsp;<\/span><span style=\"color: inherit; font-family: var( --e-global-typography-text-font-family ), Sans-serif; font-weight: var( --e-global-typography-text-font-weight ); text-align: var(--text-align); font-size: 1rem; letter-spacing: 0em;\">de la Pol\u00edtica de Privacidad actualizada.<\/span><\/p>\n<p><img decoding=\"async\" draggable=\"false\" role=\"img\" class=\"emoji\" alt=\"\u25aa\" src=\"https:\/\/s.w.org\/images\/core\/emoji\/14.0.0\/svg\/25aa.svg\"> <b>Acuerdo<\/b> completo: Esta Pol\u00edtica de Privacidad representa el acuerdo completo entre t\u00fa y nosotros&nbsp; <span style=\"color: inherit; font-family: var( --e-global-typography-text-font-family ), Sans-serif; font-weight: var( --e-global-typography-text-font-weight ); text-align: var(--text-align); font-size: 1rem; letter-spacing: 0em;\">en relaci\u00f3n con la privacidad aplicable a nuestros Servicios.<\/span><\/p>\n<p><img decoding=\"async\" draggable=\"false\" role=\"img\" class=\"emoji\" alt=\"\u25aa\" src=\"https:\/\/s.w.org\/images\/core\/emoji\/14.0.0\/svg\/25aa.svg\"> <b>Contacto<\/b>: Para preguntas relacionadas con esta Pol\u00edtica de Privacidad, ponte en contacto con nosotros en:<\/p>\n<p><b>P\u00e1gina web<\/b>: www.soteradigital.com<\/p>\n<p><b>Correo electr\u00f3nico<\/b>: privacypolicy@soteradigital.com<\/p>\n<p><b>1351 Sawgrass Corp. Parkway, Suite 104, Sunrise, FL 33323.  <\/b><\/p>\n<p>Diciembre de 2023<\/p>\t\t\t\t\t\t\t\t<\/div>\n\t\t\t\t<\/div>\n\t\t\t\t\t<\/div>\n\t\t\t\t<\/div>\n\t\t\t\t<\/div>\n\t\t","protected":false},"excerpt":{"rendered":"<p>Esta Pol\u00edtica de Privacidad (la \u00abPol\u00edtica de Privacidad\u00bb) describe nuestro enfoque de la recopilaci\u00f3n de datos, uso, y&nbsp;protecci\u00f3n cuando utilizas nuestros servicios. Al comprar o utilizar nuestro dispositivo, redes, servicios o&nbsp;(denominados colectivamente los \u00abServicios\u00bb), aceptas los t\u00e9rminos de esta Pol\u00edtica&#8230;<\/p>\n","protected":false},"author":1,"featured_media":0,"parent":0,"menu_order":0,"comment_status":"closed","ping_status":"open","template":"","meta":{"content-type":"","footnotes":"","_links_to":"","_links_to_target":""},"class_list":["post-8515","page","type-page","status-publish","hentry"],"yoast_head":"<!-- This site is optimized with the Yoast SEO plugin v27.0 - https:\/\/yoast.com\/product\/yoast-seo-wordpress\/ -->\n<title>Pol\u00edtica de privacidad - Sotera<\/title>\n<meta name=\"robots\" content=\"index, follow, max-snippet:-1, max-image-preview:large, max-video-preview:-1\" \/>\n<link rel=\"canonical\" href=\"https:\/\/soteradigital.com\/es\/politica-de-privacidad\/\" \/>\n<meta property=\"og:locale\" content=\"es_ES\" \/>\n<meta property=\"og:type\" content=\"article\" \/>\n<meta property=\"og:title\" content=\"Pol\u00edtica de privacidad - Sotera\" \/>\n<meta property=\"og:description\" content=\"Esta Pol\u00edtica de Privacidad (la \u00abPol\u00edtica de Privacidad\u00bb) describe nuestro enfoque de la recopilaci\u00f3n de datos, uso, y&nbsp;protecci\u00f3n cuando utilizas nuestros servicios. Al comprar o utilizar nuestro dispositivo, redes, servicios o&nbsp;(denominados colectivamente los \u00abServicios\u00bb), aceptas los t\u00e9rminos de esta Pol\u00edtica...\" \/>\n<meta property=\"og:url\" content=\"https:\/\/soteradigital.com\/es\/politica-de-privacidad\/\" \/>\n<meta property=\"og:site_name\" content=\"Sotera\" \/>\n<meta property=\"article:modified_time\" content=\"2024-06-05T13:18:05+00:00\" \/>\n<meta property=\"og:image\" content=\"https:\/\/s.w.org\/images\/core\/emoji\/14.0.0\/svg\/25aa.svg\" \/>\n<meta name=\"twitter:card\" content=\"summary_large_image\" \/>\n<meta name=\"twitter:label1\" content=\"Tiempo de lectura\" \/>\n\t<meta name=\"twitter:data1\" content=\"2 minutos\" \/>\n<script type=\"application\/ld+json\" class=\"yoast-schema-graph\">{\"@context\":\"https:\/\/schema.org\",\"@graph\":[{\"@type\":\"WebPage\",\"@id\":\"https:\/\/soteradigital.com\/es\/politica-de-privacidad\/\",\"url\":\"https:\/\/soteradigital.com\/es\/politica-de-privacidad\/\",\"name\":\"Pol\u00edtica de privacidad - Sotera\",\"isPartOf\":{\"@id\":\"https:\/\/www.soteradigital.com\/es\/#website\"},\"primaryImageOfPage\":{\"@id\":\"https:\/\/soteradigital.com\/es\/politica-de-privacidad\/#primaryimage\"},\"image\":{\"@id\":\"https:\/\/soteradigital.com\/es\/politica-de-privacidad\/#primaryimage\"},\"thumbnailUrl\":\"https:\/\/s.w.org\/images\/core\/emoji\/14.0.0\/svg\/25aa.svg\",\"datePublished\":\"2023-09-19T20:53:16+00:00\",\"dateModified\":\"2024-06-05T13:18:05+00:00\",\"breadcrumb\":{\"@id\":\"https:\/\/soteradigital.com\/es\/politica-de-privacidad\/#breadcrumb\"},\"inLanguage\":\"es\",\"potentialAction\":[{\"@type\":\"ReadAction\",\"target\":[\"https:\/\/soteradigital.com\/es\/politica-de-privacidad\/\"]}]},{\"@type\":\"ImageObject\",\"inLanguage\":\"es\",\"@id\":\"https:\/\/soteradigital.com\/es\/politica-de-privacidad\/#primaryimage\",\"url\":\"https:\/\/s.w.org\/images\/core\/emoji\/14.0.0\/svg\/25aa.svg\",\"contentUrl\":\"https:\/\/s.w.org\/images\/core\/emoji\/14.0.0\/svg\/25aa.svg\"},{\"@type\":\"BreadcrumbList\",\"@id\":\"https:\/\/soteradigital.com\/es\/politica-de-privacidad\/#breadcrumb\",\"itemListElement\":[{\"@type\":\"ListItem\",\"position\":1,\"name\":\"Home\",\"item\":\"https:\/\/www.soteradigital.com\/es\/\"},{\"@type\":\"ListItem\",\"position\":2,\"name\":\"Pol\u00edtica de privacidad\"}]},{\"@type\":\"WebSite\",\"@id\":\"https:\/\/www.soteradigital.com\/es\/#website\",\"url\":\"https:\/\/www.soteradigital.com\/es\/\",\"name\":\"Sotera Digital Security\",\"description\":\"Absolute security | Zero Vulnerabilities\",\"publisher\":{\"@id\":\"https:\/\/www.soteradigital.com\/es\/#organization\"},\"potentialAction\":[{\"@type\":\"SearchAction\",\"target\":{\"@type\":\"EntryPoint\",\"urlTemplate\":\"https:\/\/www.soteradigital.com\/es\/?s={search_term_string}\"},\"query-input\":{\"@type\":\"PropertyValueSpecification\",\"valueRequired\":true,\"valueName\":\"search_term_string\"}}],\"inLanguage\":\"es\"},{\"@type\":\"Organization\",\"@id\":\"https:\/\/www.soteradigital.com\/es\/#organization\",\"name\":\"Sotera Digital Security\",\"url\":\"https:\/\/www.soteradigital.com\/es\/\",\"logo\":{\"@type\":\"ImageObject\",\"inLanguage\":\"es\",\"@id\":\"https:\/\/www.soteradigital.com\/es\/#\/schema\/logo\/image\/\",\"url\":\"\/wp-content\/uploads\/2023\/09\/sotera-logo-300px.png\",\"contentUrl\":\"\/wp-content\/uploads\/2023\/09\/sotera-logo-300px.png\",\"width\":300,\"height\":61,\"caption\":\"Sotera Digital Security\"},\"image\":{\"@id\":\"https:\/\/www.soteradigital.com\/es\/#\/schema\/logo\/image\/\"}}]}<\/script>\n<!-- \/ Yoast SEO plugin. -->","yoast_head_json":{"title":"Pol\u00edtica de privacidad - Sotera","robots":{"index":"index","follow":"follow","max-snippet":"max-snippet:-1","max-image-preview":"max-image-preview:large","max-video-preview":"max-video-preview:-1"},"canonical":"https:\/\/soteradigital.com\/es\/politica-de-privacidad\/","og_locale":"es_ES","og_type":"article","og_title":"Pol\u00edtica de privacidad - Sotera","og_description":"Esta Pol\u00edtica de Privacidad (la \u00abPol\u00edtica de Privacidad\u00bb) describe nuestro enfoque de la recopilaci\u00f3n de datos, uso, y&nbsp;protecci\u00f3n cuando utilizas nuestros servicios. Al comprar o utilizar nuestro dispositivo, redes, servicios o&nbsp;(denominados colectivamente los \u00abServicios\u00bb), aceptas los t\u00e9rminos de esta Pol\u00edtica...","og_url":"https:\/\/soteradigital.com\/es\/politica-de-privacidad\/","og_site_name":"Sotera","article_modified_time":"2024-06-05T13:18:05+00:00","og_image":[{"url":"https:\/\/s.w.org\/images\/core\/emoji\/14.0.0\/svg\/25aa.svg","type":"","width":"","height":""}],"twitter_card":"summary_large_image","twitter_misc":{"Tiempo de lectura":"2 minutos"},"schema":{"@context":"https:\/\/schema.org","@graph":[{"@type":"WebPage","@id":"https:\/\/soteradigital.com\/es\/politica-de-privacidad\/","url":"https:\/\/soteradigital.com\/es\/politica-de-privacidad\/","name":"Pol\u00edtica de privacidad - Sotera","isPartOf":{"@id":"https:\/\/www.soteradigital.com\/es\/#website"},"primaryImageOfPage":{"@id":"https:\/\/soteradigital.com\/es\/politica-de-privacidad\/#primaryimage"},"image":{"@id":"https:\/\/soteradigital.com\/es\/politica-de-privacidad\/#primaryimage"},"thumbnailUrl":"https:\/\/s.w.org\/images\/core\/emoji\/14.0.0\/svg\/25aa.svg","datePublished":"2023-09-19T20:53:16+00:00","dateModified":"2024-06-05T13:18:05+00:00","breadcrumb":{"@id":"https:\/\/soteradigital.com\/es\/politica-de-privacidad\/#breadcrumb"},"inLanguage":"es","potentialAction":[{"@type":"ReadAction","target":["https:\/\/soteradigital.com\/es\/politica-de-privacidad\/"]}]},{"@type":"ImageObject","inLanguage":"es","@id":"https:\/\/soteradigital.com\/es\/politica-de-privacidad\/#primaryimage","url":"https:\/\/s.w.org\/images\/core\/emoji\/14.0.0\/svg\/25aa.svg","contentUrl":"https:\/\/s.w.org\/images\/core\/emoji\/14.0.0\/svg\/25aa.svg"},{"@type":"BreadcrumbList","@id":"https:\/\/soteradigital.com\/es\/politica-de-privacidad\/#breadcrumb","itemListElement":[{"@type":"ListItem","position":1,"name":"Home","item":"https:\/\/www.soteradigital.com\/es\/"},{"@type":"ListItem","position":2,"name":"Pol\u00edtica de privacidad"}]},{"@type":"WebSite","@id":"https:\/\/www.soteradigital.com\/es\/#website","url":"https:\/\/www.soteradigital.com\/es\/","name":"Sotera Digital Security","description":"Absolute security | Zero Vulnerabilities","publisher":{"@id":"https:\/\/www.soteradigital.com\/es\/#organization"},"potentialAction":[{"@type":"SearchAction","target":{"@type":"EntryPoint","urlTemplate":"https:\/\/www.soteradigital.com\/es\/?s={search_term_string}"},"query-input":{"@type":"PropertyValueSpecification","valueRequired":true,"valueName":"search_term_string"}}],"inLanguage":"es"},{"@type":"Organization","@id":"https:\/\/www.soteradigital.com\/es\/#organization","name":"Sotera Digital Security","url":"https:\/\/www.soteradigital.com\/es\/","logo":{"@type":"ImageObject","inLanguage":"es","@id":"https:\/\/www.soteradigital.com\/es\/#\/schema\/logo\/image\/","url":"\/wp-content\/uploads\/2023\/09\/sotera-logo-300px.png","contentUrl":"\/wp-content\/uploads\/2023\/09\/sotera-logo-300px.png","width":300,"height":61,"caption":"Sotera Digital Security"},"image":{"@id":"https:\/\/www.soteradigital.com\/es\/#\/schema\/logo\/image\/"}}]}},"_links":{"self":[{"href":"https:\/\/soteradigital.com\/es\/wp-json\/wp\/v2\/pages\/8515","targetHints":{"allow":["GET"]}}],"collection":[{"href":"https:\/\/soteradigital.com\/es\/wp-json\/wp\/v2\/pages"}],"about":[{"href":"https:\/\/soteradigital.com\/es\/wp-json\/wp\/v2\/types\/page"}],"author":[{"embeddable":true,"href":"https:\/\/soteradigital.com\/es\/wp-json\/wp\/v2\/users\/1"}],"replies":[{"embeddable":true,"href":"https:\/\/soteradigital.com\/es\/wp-json\/wp\/v2\/comments?post=8515"}],"version-history":[{"count":3,"href":"https:\/\/soteradigital.com\/es\/wp-json\/wp\/v2\/pages\/8515\/revisions"}],"predecessor-version":[{"id":8857,"href":"https:\/\/soteradigital.com\/es\/wp-json\/wp\/v2\/pages\/8515\/revisions\/8857"}],"wp:attachment":[{"href":"https:\/\/soteradigital.com\/es\/wp-json\/wp\/v2\/media?parent=8515"}],"curies":[{"name":"wp","href":"https:\/\/api.w.org\/{rel}","templated":true}]}}