{"id":8511,"date":"2023-10-04T14:18:32","date_gmt":"2023-10-04T14:18:32","guid":{"rendered":"https:\/\/soteradigital.com\/sobre-nosotros\/nuestra-mision\/"},"modified":"2024-06-12T09:48:55","modified_gmt":"2024-06-12T09:48:55","slug":"nuestra-mision","status":"publish","type":"page","link":"https:\/\/soteradigital.com\/es\/sobre-nosotros\/nuestra-mision\/","title":{"rendered":"Nuestra misi\u00f3n"},"content":{"rendered":"\t\t<div data-elementor-type=\"wp-page\" data-elementor-id=\"8511\" class=\"elementor elementor-8511 elementor-5997\" data-elementor-post-type=\"page\">\n\t\t\t\t\t\t<section data-pix-dividers=\"&lt;div class=&quot;pix-divider  position-relative pix-bottom-divider&quot; data-style=&quot;style-24&quot; &gt;&lt;svg xmlns=&quot;http:\/\/www.w3.org\/2000\/svg&quot; width=&quot;100%&quot;  viewBox=&quot;0 0 300 130&quot; preserveAspectRatio=&quot;none&quot;&gt;&lt;g fill=&quot;url(#divider-pix-accordion-890112-bottom-overlay-layer-3)&quot; &gt;&lt;polygon points=&quot;205.6875 18.8837729 300 3.92225477e-14 300 49.83 205.6875 68.67&quot;&gt;&lt;\/polygon&gt;&lt;path d=&quot;M43.5002561,84.4287699 L43.5002561,67.6974063 L0,76.0518732 L0,93.1053435 L43.5002561,84.4287699 Z M43.1248125,68.1469741 L43.1248125,84.5056196 L0,93.1036023 L0,76.426513 L43.1248125,68.1469741 Z&quot;&gt;&lt;\/path&gt;&lt;\/g&gt;&lt;g fill=&quot;#ffffff&quot;  &gt;&lt;polygon points=&quot;0 109.769452 300 49.8270893 300 130 0 130&quot;&gt;&lt;\/polygon&gt;&lt;\/g&gt;&lt;g fill=&quot;url(#divider-pix-accordion-890112-bottom-overlay-layer-1)&quot; transform=&quot;translate(0.0, 49.83)&quot;&gt;&lt;polygon points=&quot;87.319394 25.82088 87.375 42.5187032 71.812 45.62088 71.8127561 62.3221129 0 77.0678507 0 76.6446398 71.4373125 62.0149568 71.437 45.69588 0 59.9394524 0 43.2679827&quot;&gt;&lt;\/polygon&gt;&lt;polygon points=&quot;256.3125 8.72 300 2.1931479e-17 300 16.5748991 256.3125 25.2852738&quot;&gt;&lt;\/polygon&gt;&lt;\/g&gt;&lt;defs&gt;&lt;linearGradient id=&quot;divider-pix-accordion-890112-bottom-overlay-layer-3&quot; x1=&quot;0%&quot; y1=&quot;0%&quot; x2=&quot;100%&quot; y2=&quot;0%&quot;&gt;&lt;stop offset=&quot;0%&quot;   stop-color=&quot;#FFFFFF&quot;\/&gt;&lt;stop offset=&quot;100%&quot;   stop-color=&quot;var(--e-global-color-primary)&quot;\/&gt;&lt;\/linearGradient&gt;&lt;linearGradient id=&quot;divider-pix-accordion-890112-bottom-overlay-layer-1&quot; x1=&quot;0%&quot; y1=&quot;0%&quot; x2=&quot;100%&quot; y2=&quot;0%&quot;&gt;&lt;stop offset=&quot;0%&quot;   stop-color=&quot;var(--e-global-color-secondary)&quot;\/&gt;&lt;stop offset=&quot;100%&quot;   stop-color=&quot;var(--e-global-color-5c2f9be)&quot;\/&gt;&lt;\/linearGradient&gt;&lt;\/defs&gt;&lt;\/svg&gt;&lt;\/div&gt;\" class=\"elementor-section elementor-top-section elementor-element elementor-element-45008315 elementor-section-boxed elementor-section-height-default elementor-section-height-default\" data-id=\"45008315\" data-element_type=\"section\" data-e-type=\"section\" data-settings=\"{&quot;background_background&quot;:&quot;classic&quot;}\">\n\t\t\t\t\t\t\t<div class=\"elementor-background-overlay\"><\/div>\n\t\t\t\t\t\t\t<div class=\"elementor-container elementor-column-gap-default\">\n\t\t\t\t\t<div class=\"elementor-column elementor-col-100 elementor-top-column elementor-element elementor-element-3f73ffcf\" data-id=\"3f73ffcf\" data-element_type=\"column\" data-e-type=\"column\">\n\t\t\t<div class=\"elementor-widget-wrap elementor-element-populated\">\n\t\t\t\t\t\t<section class=\"elementor-section elementor-inner-section elementor-element elementor-element-1becfd1c elementor-section-boxed elementor-section-height-default elementor-section-height-default\" data-id=\"1becfd1c\" data-element_type=\"section\" data-e-type=\"section\">\n\t\t\t\t\t\t<div class=\"elementor-container elementor-column-gap-default\">\n\t\t\t\t\t<div class=\"elementor-column elementor-col-100 elementor-inner-column elementor-element elementor-element-7060db58\" data-id=\"7060db58\" data-element_type=\"column\" data-e-type=\"column\">\n\t\t\t<div class=\"elementor-widget-wrap elementor-element-populated\">\n\t\t\t\t\t\t<div class=\"elementor-element elementor-element-29826ac8 elementor-invisible elementor-widget elementor-widget-pix-badge\" data-id=\"29826ac8\" data-element_type=\"widget\" data-e-type=\"widget\" data-widget_type=\"pix-badge.default\">\n\t\t\t\t<div class=\"elementor-widget-container\">\n\t\t\t\t\t<span class=\"pix-badge-element h6 d-inline-block mr-1 animate-in\" data-anim-type=\"fade-in-left\" data-anim-delay=\"0\"><span class=\"badge font-weight-bold secondary-font badge-pill shadow bg-white  \" style=\" \"><span class=\"text-heading-default\" style=\"\">SOBRE NOSOTROS<\/span><\/span><\/span>\t\t\t\t<\/div>\n\t\t\t\t<\/div>\n\t\t\t\t<div class=\"elementor-element elementor-element-622add7b elementor-invisible elementor-widget elementor-widget-pix-highlighted-text\" data-id=\"622add7b\" data-element_type=\"widget\" data-e-type=\"widget\" data-widget_type=\"pix-highlighted-text.default\">\n\t\t\t\t<div class=\"elementor-widget-container\">\n\t\t\t\t\t<div id=\"highlighted-text-82788527\" class=\"pix-highlighted-element text-center \"><div class=\"d-inline-block\" style=\"max-width:600px;\"><h1 class=\"pix-highlighted-items animate-in\" style=\"\" data-anim-type=\"fade-in-up\" data-anim-delay=\"100\"><span id=\"highlighted-text-82788527-0\" class=\" elementor-repeater-item-2430d8b\"><span class=\"pix-highlighted-text pix-highlight-item font-weight-normal  font-weight-bold heading-font text-heading-default\">NUESTRA<\/span><\/span><div class=\"d-inline-flex mx-2 highlighted-text-82788527-1 animate-in rounded-0\" data-anim-type=\"pix-3d-right-in\" data-anim-delay=\"0\" style=\"vertical-align: middle;line-height:1;\"><img decoding=\"async\" class=\"pix-fit-cover rounded-0 animate-in\" src=\"\/wp-content\/uploads\/2023\/10\/arrow.png\" width=\"55\" height=\"47.311827956989\" style=\"\" alt=\"\"><\/div><span id=\"highlighted-text-82788527-2\" class=\" elementor-repeater-item-d4de29a\"><span class=\"pix-highlighted-text pix-highlight-item font-weight-normal  font-weight-bold heading-font text-heading-default\">MISI\u00d3N<\/span><\/span><\/h1><\/div><\/div>\t\t\t\t<\/div>\n\t\t\t\t<\/div>\n\t\t\t\t<div class=\"elementor-element elementor-element-7831d605 elementor-invisible elementor-widget elementor-widget-pix-text\" data-id=\"7831d605\" data-element_type=\"widget\" data-e-type=\"widget\" data-widget_type=\"pix-text.default\">\n\t\t\t\t<div class=\"elementor-widget-container\">\n\t\t\t\t\t<div class=\"pix-el-text w-100 text-center \" ><p class=\"text-20 resp-option text-body-default text-center \" ><span class=\"text-body-default animate-in d-inline-block\" data-anim-delay=\"200\" data-anim-type=\"fade-in-up\">Existimos para proporcionar comunicaciones m\u00f3viles seguras que protejan tu informaci\u00f3n en todo el mundo.<\/span><\/p><\/div>\t\t\t\t<\/div>\n\t\t\t\t<\/div>\n\t\t\t\t<div class=\"elementor-element elementor-element-4d74ee4b elementor-widget__width-auto elementor-widget elementor-widget-pix-button\" data-id=\"4d74ee4b\" data-element_type=\"widget\" data-e-type=\"widget\" data-widget_type=\"pix-button.default\">\n\t\t\t\t<div class=\"elementor-widget-container\">\n\t\t\t\t\t<a  href=\"\/about\/\" class=\"btn m-0     shadow shadow-hover text-heading-default btn-white d-inline-block pix-hover-item       animate-in btn-lg\"   data-anim-type=\"fade-in-left\" data-anim-delay=\"400\" ><i class=\"font-weight-bold pixicon-arrow-left2  pix-hover-left  mr-1\"><\/i> <span class=\"font-weight-bold \" >Volver a Sobre nosotros<\/span><\/a>\t\t\t\t<\/div>\n\t\t\t\t<\/div>\n\t\t\t\t\t<\/div>\n\t\t<\/div>\n\t\t\t\t\t<\/div>\n\t\t<\/section>\n\t\t\t\t<section class=\"elementor-section elementor-inner-section elementor-element elementor-element-4df66972 elementor-section-boxed elementor-section-height-default elementor-section-height-default\" data-id=\"4df66972\" data-element_type=\"section\" data-e-type=\"section\">\n\t\t\t\t\t\t<div class=\"elementor-container elementor-column-gap-default\">\n\t\t\t\t\t<div class=\"elementor-column elementor-col-100 elementor-inner-column elementor-element elementor-element-644cf64d\" data-id=\"644cf64d\" data-element_type=\"column\" data-e-type=\"column\">\n\t\t\t<div class=\"elementor-widget-wrap elementor-element-populated\">\n\t\t\t\t\t\t<section class=\"pix-base-transition animate-in elementor-section elementor-inner-section elementor-element elementor-element-333834a3 elementor-section-boxed elementor-section-height-default elementor-section-height-default\" data-anim-type=\"fade-in-up\" data-anim-delay=\"0\" data-id=\"333834a3\" data-element_type=\"section\" data-e-type=\"section\" data-settings=\"{&quot;background_background&quot;:&quot;classic&quot;}\">\n\t\t\t\t\t\t<div class=\"elementor-container elementor-column-gap-default\">\n\t\t\t\t\t<div class=\"elementor-column elementor-col-100 elementor-inner-column elementor-element elementor-element-45ad8270\" data-id=\"45ad8270\" data-element_type=\"column\" data-e-type=\"column\">\n\t\t\t<div class=\"elementor-widget-wrap elementor-element-populated\">\n\t\t\t\t\t\t<div class=\"elementor-element elementor-element-2740e2dc elementor-invisible elementor-widget elementor-widget-pix-feature\" data-id=\"2740e2dc\" data-element_type=\"widget\" data-e-type=\"widget\" data-widget_type=\"pix-feature.default\">\n\t\t\t\t<div class=\"elementor-widget-container\">\n\t\t\t\t\t<div id=\"duo-icon-126237385\" class=\"pix-feature-el text-custom \"><h5 class=\"font-weight-bold   text-heading-default animate-in\" style=\"\" data-anim-type=\"fade-in-up\" data-anim-delay=\"150\">Garantizar la m\u00e1xima seguridad para los datos confidenciales y sensibles de mayor nivel es crucial cuando utilizas tu tel\u00e9fono. Las comunicaciones m\u00f3viles seguras de Sotera est\u00e1n dise\u00f1adas para proporcionar un entorno seguro a empresas, gobiernos y particulares, permiti\u00e9ndoles vivir y trabajar sin limitaciones.<\/h5><div class=\"text-body-default text-18     animate-in\" style=\"padding-top:10px;\" data-anim-type=\"fade-in-up\" data-anim-delay=\"250\"><\/div><\/div>\t\t\t\t<\/div>\n\t\t\t\t<\/div>\n\t\t\t\t<div class=\"elementor-element elementor-element-6017bfa elementor-invisible elementor-widget elementor-widget-pix-text\" data-id=\"6017bfa\" data-element_type=\"widget\" data-e-type=\"widget\" data-widget_type=\"pix-text.default\">\n\t\t\t\t<div class=\"elementor-widget-container\">\n\t\t\t\t\t<div class=\"pix-el-text w-100 text-left \" ><p class=\"resp-option text-left \"><div class=\" animate-in d-inline-block\" data-anim-delay=\"200\" data-anim-type=\"fade-in-up\"><p>Nuestra misi\u00f3n es clara: capacitar a los usuarios para que participen en conversaciones significativas y tomen decisiones r\u00e1pidas e informadas, mientras garantizamos una privacidad total. Facilitamos el acceso r\u00e1pido y el intercambio de informaci\u00f3n, lo que permite a nuestros usuarios responder de manera efectiva a los cambios din\u00e1micos del mercado. Nuestro objetivo es ayudar a las empresas a generar ingresos, maximizar las ganancias y prosperar en los mercados globales. Desafiamos la noci\u00f3n de que \"hablar en persona\" es la \u00fanica opci\u00f3n segura, permitiendo que las personas se expresen libremente sobre asuntos personales sin temor a comprometer su privacidad.<\/p><\/div><\/p><\/div>\t\t\t\t<\/div>\n\t\t\t\t<\/div>\n\t\t\t\t<div class=\"elementor-element elementor-element-7eb934c elementor-invisible elementor-widget elementor-widget-pix-text\" data-id=\"7eb934c\" data-element_type=\"widget\" data-e-type=\"widget\" id=\"bluebox32\" data-widget_type=\"pix-text.default\">\n\t\t\t\t<div class=\"elementor-widget-container\">\n\t\t\t\t\t<div class=\"pix-el-text w-100 text-left \" ><p class=\"resp-option text-left \"><div class=\" animate-in d-inline-block\" data-anim-delay=\"200\" data-anim-type=\"fade-in-up\"><p>En un mundo donde los tel\u00e9fonos m\u00f3viles son el principal medio de comunicaci\u00f3n, nos posicionamos como su \"lugar seguro\". Aqu\u00ed, puede comunicarse y prosperar sin temor a ser hackeado, incluso cuando los dispositivos m\u00f3viles se vuelven cada vez m\u00e1s vulnerables a la explotaci\u00f3n por parte de los piratas inform\u00e1ticos.<\/p><\/div><\/p><\/div>\t\t\t\t<\/div>\n\t\t\t\t<\/div>\n\t\t\t\t<div class=\"elementor-element elementor-element-adc6f48 elementor-invisible elementor-widget elementor-widget-pix-text\" data-id=\"adc6f48\" data-element_type=\"widget\" data-e-type=\"widget\" data-widget_type=\"pix-text.default\">\n\t\t\t\t<div class=\"elementor-widget-container\">\n\t\t\t\t\t<div class=\"pix-el-text w-100 text-left \" ><p class=\"resp-option text-left \"><div class=\" animate-in d-inline-block\" data-anim-delay=\"200\" data-anim-type=\"fade-in-up\"><p>En el \u00e1mbito empresarial, el M\u00f3vil Sotera sirve como una herramienta indispensable para funcionarios gubernamentales, ejecutivos de empresas y equipos de viaje. Proporciona una plataforma segura para compartir informaci\u00f3n y conversar con tranquilidad.<\/p><p>\u00a0<\/p><p>Para los usuarios privados, incluidas las personas de alto patrimonio neto (HNWI) y las celebridades, el M\u00f3vil Sotera ofrece la seguridad de hablar y enviar mensajes de texto sin temor a ser hackeado. Nuestro compromiso con la seguridad de las comunicaciones m\u00f3viles es inquebrantable, proporcionando un espacio de confianza para que todos los usuarios se conecten y comuniquen con confianza.<\/p><p>\u00a0<\/p><p>Experimente la diferencia con M\u00f3vil Sotera, su compa\u00f1ero confiable para conversaciones privadas y seguras en un panorama digital en constante evoluci\u00f3n. Conf\u00ede en nosotros para una experiencia de comunicaci\u00f3n sin compromisos.<\/p><\/div><\/p><\/div>\t\t\t\t<\/div>\n\t\t\t\t<\/div>\n\t\t\t\t<div class=\"elementor-element elementor-element-79b67b9b elementor-widget__width-auto elementor-widget elementor-widget-pix-button\" data-id=\"79b67b9b\" data-element_type=\"widget\" data-e-type=\"widget\" data-widget_type=\"pix-button.default\">\n\t\t\t\t<div class=\"elementor-widget-container\">\n\t\t\t\t\t<a  href=\"\/contact\/\" class=\"btn m-0     btn-primary d-inline-block pix-hover-item       animate-in btn-normal\"   data-anim-type=\"fade-in-up\" data-anim-delay=\"150\" ><i class=\"font-weight-bold pixicon-email-1  pix-hover-left  mr-1\"><\/i> <span class=\"font-weight-bold \" >Contacta con nosotros<\/span><\/a>\t\t\t\t<\/div>\n\t\t\t\t<\/div>\n\t\t\t\t<div class=\"elementor-element elementor-element-3eb2593 elementor-widget__width-auto elementor-widget elementor-widget-pix-button\" data-id=\"3eb2593\" data-element_type=\"widget\" data-e-type=\"widget\" data-widget_type=\"pix-button.default\">\n\t\t\t\t<div class=\"elementor-widget-container\">\n\t\t\t\t\t<a  href=\"\/about\/\" class=\"btn m-0     shadow shadow-hover text-heading-default btn-primary-light d-inline-block pix-hover-item       animate-in btn-normal\"   data-anim-type=\"fade-in-left\" data-anim-delay=\"400\" ><i class=\"font-weight-bold pixicon-arrow-left2  pix-hover-left  mr-1\"><\/i> <span class=\"font-weight-bold \" >Volver a Sobre nosotros<\/span><\/a>\t\t\t\t<\/div>\n\t\t\t\t<\/div>\n\t\t\t\t\t<\/div>\n\t\t<\/div>\n\t\t\t\t\t<\/div>\n\t\t<\/section>\n\t\t\t\t\t<\/div>\n\t\t<\/div>\n\t\t\t\t\t<\/div>\n\t\t<\/section>\n\t\t\t\t\t<\/div>\n\t\t<\/div>\n\t\t\t\t\t<\/div>\n\t\t<\/section>\n\t\t\t\t<\/div>\n\t\t","protected":false},"excerpt":{"rendered":"<p>SOBRE NOSOTROS NUESTRAMISI\u00d3N Existimos para proporcionar comunicaciones m\u00f3viles seguras que protejan tu informaci\u00f3n en todo el mundo. Volver a Sobre nosotros Garantizar la m\u00e1xima seguridad para los datos confidenciales y sensibles de mayor nivel es crucial cuando utilizas tu tel\u00e9fono&#8230;.<\/p>\n","protected":false},"author":1,"featured_media":8458,"parent":8505,"menu_order":0,"comment_status":"closed","ping_status":"closed","template":"","meta":{"content-type":"","footnotes":"","_links_to":"","_links_to_target":""},"class_list":["post-8511","page","type-page","status-publish","has-post-thumbnail","hentry"],"yoast_head":"<!-- This site is optimized with the Yoast SEO plugin v27.0 - https:\/\/yoast.com\/product\/yoast-seo-wordpress\/ -->\n<title>- Comunicaciones M\u00f3viles Seguras<\/title>\n<meta name=\"description\" content=\"Nos dedicamos a ofrecer comunicaciones m\u00f3viles seguras de \u00faltima generaci\u00f3n que salvaguardan tu informaci\u00f3n a escala mundial.\" \/>\n<meta name=\"robots\" content=\"index, follow, max-snippet:-1, max-image-preview:large, max-video-preview:-1\" \/>\n<link rel=\"canonical\" href=\"https:\/\/soteradigital.com\/es\/sobre-nosotros\/nuestra-mision\/\" \/>\n<meta property=\"og:locale\" content=\"es_ES\" \/>\n<meta property=\"og:type\" content=\"article\" \/>\n<meta property=\"og:title\" content=\"- Comunicaciones M\u00f3viles Seguras\" \/>\n<meta property=\"og:description\" content=\"Nos dedicamos a ofrecer comunicaciones m\u00f3viles seguras de \u00faltima generaci\u00f3n que salvaguardan tu informaci\u00f3n a escala mundial.\" \/>\n<meta property=\"og:url\" content=\"https:\/\/soteradigital.com\/es\/sobre-nosotros\/nuestra-mision\/\" \/>\n<meta property=\"og:site_name\" content=\"Sotera\" \/>\n<meta property=\"article:modified_time\" content=\"2024-06-12T09:48:55+00:00\" \/>\n<meta property=\"og:image\" content=\"https:\/\/soteradigital.com\/wp-content\/uploads\/2023\/11\/sot1.webp\" \/>\n\t<meta property=\"og:image:width\" content=\"1122\" \/>\n\t<meta property=\"og:image:height\" content=\"1475\" \/>\n\t<meta property=\"og:image:type\" content=\"image\/webp\" \/>\n<meta name=\"twitter:card\" content=\"summary_large_image\" \/>\n<meta name=\"twitter:label1\" content=\"Tiempo de lectura\" \/>\n\t<meta name=\"twitter:data1\" content=\"2 minutos\" \/>\n<script type=\"application\/ld+json\" class=\"yoast-schema-graph\">{\"@context\":\"https:\/\/schema.org\",\"@graph\":[{\"@type\":\"WebPage\",\"@id\":\"https:\/\/soteradigital.com\/es\/sobre-nosotros\/nuestra-mision\/\",\"url\":\"https:\/\/soteradigital.com\/es\/sobre-nosotros\/nuestra-mision\/\",\"name\":\"- Comunicaciones M\u00f3viles Seguras\",\"isPartOf\":{\"@id\":\"https:\/\/soteradigital.com\/es\/#website\"},\"primaryImageOfPage\":{\"@id\":\"https:\/\/soteradigital.com\/es\/sobre-nosotros\/nuestra-mision\/#primaryimage\"},\"image\":{\"@id\":\"https:\/\/soteradigital.com\/es\/sobre-nosotros\/nuestra-mision\/#primaryimage\"},\"thumbnailUrl\":\"\/wp-content\/uploads\/2023\/11\/sot1.webp\",\"datePublished\":\"2023-10-04T14:18:32+00:00\",\"dateModified\":\"2024-06-12T09:48:55+00:00\",\"description\":\"Nos dedicamos a ofrecer comunicaciones m\u00f3viles seguras de \u00faltima generaci\u00f3n que salvaguardan tu informaci\u00f3n a escala mundial.\",\"breadcrumb\":{\"@id\":\"https:\/\/soteradigital.com\/es\/sobre-nosotros\/nuestra-mision\/#breadcrumb\"},\"inLanguage\":\"es\",\"potentialAction\":[{\"@type\":\"ReadAction\",\"target\":[\"https:\/\/soteradigital.com\/es\/sobre-nosotros\/nuestra-mision\/\"]}]},{\"@type\":\"ImageObject\",\"inLanguage\":\"es\",\"@id\":\"https:\/\/soteradigital.com\/es\/sobre-nosotros\/nuestra-mision\/#primaryimage\",\"url\":\"\/wp-content\/uploads\/2023\/11\/sot1.webp\",\"contentUrl\":\"\/wp-content\/uploads\/2023\/11\/sot1.webp\",\"width\":1122,\"height\":1475,\"caption\":\"Our Mission\"},{\"@type\":\"BreadcrumbList\",\"@id\":\"https:\/\/soteradigital.com\/es\/sobre-nosotros\/nuestra-mision\/#breadcrumb\",\"itemListElement\":[{\"@type\":\"ListItem\",\"position\":1,\"name\":\"Home\",\"item\":\"https:\/\/soteradigital.com\/es\/\"},{\"@type\":\"ListItem\",\"position\":2,\"name\":\"Sobre nosotros\",\"item\":\"https:\/\/soteradigital.com\/es\/sobre-nosotros\/\"},{\"@type\":\"ListItem\",\"position\":3,\"name\":\"Nuestra misi\u00f3n\"}]},{\"@type\":\"WebSite\",\"@id\":\"https:\/\/soteradigital.com\/es\/#website\",\"url\":\"https:\/\/soteradigital.com\/es\/\",\"name\":\"Sotera Digital Security\",\"description\":\"Absolute security | Zero Vulnerabilities\",\"publisher\":{\"@id\":\"https:\/\/soteradigital.com\/es\/#organization\"},\"potentialAction\":[{\"@type\":\"SearchAction\",\"target\":{\"@type\":\"EntryPoint\",\"urlTemplate\":\"https:\/\/soteradigital.com\/es\/?s={search_term_string}\"},\"query-input\":{\"@type\":\"PropertyValueSpecification\",\"valueRequired\":true,\"valueName\":\"search_term_string\"}}],\"inLanguage\":\"es\"},{\"@type\":\"Organization\",\"@id\":\"https:\/\/soteradigital.com\/es\/#organization\",\"name\":\"Sotera Digital Security\",\"url\":\"https:\/\/soteradigital.com\/es\/\",\"logo\":{\"@type\":\"ImageObject\",\"inLanguage\":\"es\",\"@id\":\"https:\/\/soteradigital.com\/es\/#\/schema\/logo\/image\/\",\"url\":\"\/wp-content\/uploads\/2023\/09\/sotera-logo-300px.png\",\"contentUrl\":\"\/wp-content\/uploads\/2023\/09\/sotera-logo-300px.png\",\"width\":300,\"height\":61,\"caption\":\"Sotera Digital Security\"},\"image\":{\"@id\":\"https:\/\/soteradigital.com\/es\/#\/schema\/logo\/image\/\"}}]}<\/script>\n<!-- \/ Yoast SEO plugin. -->","yoast_head_json":{"title":"- Comunicaciones M\u00f3viles Seguras","description":"Nos dedicamos a ofrecer comunicaciones m\u00f3viles seguras de \u00faltima generaci\u00f3n que salvaguardan tu informaci\u00f3n a escala mundial.","robots":{"index":"index","follow":"follow","max-snippet":"max-snippet:-1","max-image-preview":"max-image-preview:large","max-video-preview":"max-video-preview:-1"},"canonical":"https:\/\/soteradigital.com\/es\/sobre-nosotros\/nuestra-mision\/","og_locale":"es_ES","og_type":"article","og_title":"- Comunicaciones M\u00f3viles Seguras","og_description":"Nos dedicamos a ofrecer comunicaciones m\u00f3viles seguras de \u00faltima generaci\u00f3n que salvaguardan tu informaci\u00f3n a escala mundial.","og_url":"https:\/\/soteradigital.com\/es\/sobre-nosotros\/nuestra-mision\/","og_site_name":"Sotera","article_modified_time":"2024-06-12T09:48:55+00:00","og_image":[{"width":1122,"height":1475,"url":"https:\/\/soteradigital.com\/wp-content\/uploads\/2023\/11\/sot1.webp","type":"image\/webp"}],"twitter_card":"summary_large_image","twitter_misc":{"Tiempo de lectura":"2 minutos"},"schema":{"@context":"https:\/\/schema.org","@graph":[{"@type":"WebPage","@id":"https:\/\/soteradigital.com\/es\/sobre-nosotros\/nuestra-mision\/","url":"https:\/\/soteradigital.com\/es\/sobre-nosotros\/nuestra-mision\/","name":"- Comunicaciones M\u00f3viles Seguras","isPartOf":{"@id":"https:\/\/soteradigital.com\/es\/#website"},"primaryImageOfPage":{"@id":"https:\/\/soteradigital.com\/es\/sobre-nosotros\/nuestra-mision\/#primaryimage"},"image":{"@id":"https:\/\/soteradigital.com\/es\/sobre-nosotros\/nuestra-mision\/#primaryimage"},"thumbnailUrl":"\/wp-content\/uploads\/2023\/11\/sot1.webp","datePublished":"2023-10-04T14:18:32+00:00","dateModified":"2024-06-12T09:48:55+00:00","description":"Nos dedicamos a ofrecer comunicaciones m\u00f3viles seguras de \u00faltima generaci\u00f3n que salvaguardan tu informaci\u00f3n a escala mundial.","breadcrumb":{"@id":"https:\/\/soteradigital.com\/es\/sobre-nosotros\/nuestra-mision\/#breadcrumb"},"inLanguage":"es","potentialAction":[{"@type":"ReadAction","target":["https:\/\/soteradigital.com\/es\/sobre-nosotros\/nuestra-mision\/"]}]},{"@type":"ImageObject","inLanguage":"es","@id":"https:\/\/soteradigital.com\/es\/sobre-nosotros\/nuestra-mision\/#primaryimage","url":"\/wp-content\/uploads\/2023\/11\/sot1.webp","contentUrl":"\/wp-content\/uploads\/2023\/11\/sot1.webp","width":1122,"height":1475,"caption":"Our Mission"},{"@type":"BreadcrumbList","@id":"https:\/\/soteradigital.com\/es\/sobre-nosotros\/nuestra-mision\/#breadcrumb","itemListElement":[{"@type":"ListItem","position":1,"name":"Home","item":"https:\/\/soteradigital.com\/es\/"},{"@type":"ListItem","position":2,"name":"Sobre nosotros","item":"https:\/\/soteradigital.com\/es\/sobre-nosotros\/"},{"@type":"ListItem","position":3,"name":"Nuestra misi\u00f3n"}]},{"@type":"WebSite","@id":"https:\/\/soteradigital.com\/es\/#website","url":"https:\/\/soteradigital.com\/es\/","name":"Sotera Digital Security","description":"Absolute security | Zero Vulnerabilities","publisher":{"@id":"https:\/\/soteradigital.com\/es\/#organization"},"potentialAction":[{"@type":"SearchAction","target":{"@type":"EntryPoint","urlTemplate":"https:\/\/soteradigital.com\/es\/?s={search_term_string}"},"query-input":{"@type":"PropertyValueSpecification","valueRequired":true,"valueName":"search_term_string"}}],"inLanguage":"es"},{"@type":"Organization","@id":"https:\/\/soteradigital.com\/es\/#organization","name":"Sotera Digital Security","url":"https:\/\/soteradigital.com\/es\/","logo":{"@type":"ImageObject","inLanguage":"es","@id":"https:\/\/soteradigital.com\/es\/#\/schema\/logo\/image\/","url":"\/wp-content\/uploads\/2023\/09\/sotera-logo-300px.png","contentUrl":"\/wp-content\/uploads\/2023\/09\/sotera-logo-300px.png","width":300,"height":61,"caption":"Sotera Digital Security"},"image":{"@id":"https:\/\/soteradigital.com\/es\/#\/schema\/logo\/image\/"}}]}},"_links":{"self":[{"href":"https:\/\/soteradigital.com\/es\/wp-json\/wp\/v2\/pages\/8511","targetHints":{"allow":["GET"]}}],"collection":[{"href":"https:\/\/soteradigital.com\/es\/wp-json\/wp\/v2\/pages"}],"about":[{"href":"https:\/\/soteradigital.com\/es\/wp-json\/wp\/v2\/types\/page"}],"author":[{"embeddable":true,"href":"https:\/\/soteradigital.com\/es\/wp-json\/wp\/v2\/users\/1"}],"replies":[{"embeddable":true,"href":"https:\/\/soteradigital.com\/es\/wp-json\/wp\/v2\/comments?post=8511"}],"version-history":[{"count":7,"href":"https:\/\/soteradigital.com\/es\/wp-json\/wp\/v2\/pages\/8511\/revisions"}],"predecessor-version":[{"id":8869,"href":"https:\/\/soteradigital.com\/es\/wp-json\/wp\/v2\/pages\/8511\/revisions\/8869"}],"up":[{"embeddable":true,"href":"https:\/\/soteradigital.com\/es\/wp-json\/wp\/v2\/pages\/8505"}],"wp:featuredmedia":[{"embeddable":true,"href":"https:\/\/soteradigital.com\/es\/wp-json\/wp\/v2\/media\/8458"}],"wp:attachment":[{"href":"https:\/\/soteradigital.com\/es\/wp-json\/wp\/v2\/media?parent=8511"}],"curies":[{"name":"wp","href":"https:\/\/api.w.org\/{rel}","templated":true}]}}